{"id":1192,"date":"2025-11-03T11:53:41","date_gmt":"2025-11-03T10:53:41","guid":{"rendered":"https:\/\/www.dimaxwax.it\/?page_id=1192"},"modified":"2025-11-03T12:12:09","modified_gmt":"2025-11-03T11:12:09","slug":"depilomax","status":"publish","type":"page","link":"http:\/\/www.dimaxwax.it\/en\/depilomax\/","title":{"rendered":"Depilomax"},"content":{"rendered":"\t\t<div data-elementor-type=\"wp-page\" data-elementor-id=\"1192\" class=\"elementor elementor-1192\" data-elementor-post-type=\"page\">\n\t\t\t\t\t\t<section class=\"elementor-section elementor-top-section elementor-element elementor-element-656af1f2 elementor-section-boxed elementor-section-height-default elementor-section-height-default\" data-id=\"656af1f2\" data-element_type=\"section\" data-e-type=\"section\" data-settings=\"{&quot;background_motion_fx_devices&quot;:[&quot;desktop&quot;,&quot;tablet&quot;,&quot;mobile&quot;]}\">\n\t\t\t\t\t\t<div class=\"elementor-container elementor-column-gap-default\">\n\t\t\t\t\t<div class=\"elementor-column elementor-col-100 elementor-top-column elementor-element elementor-element-4f390309\" data-id=\"4f390309\" data-element_type=\"column\" data-e-type=\"column\">\n\t\t\t<div class=\"elementor-widget-wrap elementor-element-populated\">\n\t\t\t\t\t\t<section class=\"elementor-section elementor-inner-section elementor-element elementor-element-2e6e37c2 elementor-section-boxed elementor-section-height-default elementor-section-height-default\" data-id=\"2e6e37c2\" data-element_type=\"section\" data-e-type=\"section\">\n\t\t\t\t\t\t<div class=\"elementor-container elementor-column-gap-default\">\n\t\t\t\t\t<div class=\"elementor-column elementor-col-100 elementor-inner-column elementor-element elementor-element-27c09196\" data-id=\"27c09196\" data-element_type=\"column\" data-e-type=\"column\">\n\t\t\t<div class=\"elementor-widget-wrap elementor-element-populated\">\n\t\t\t\t\t\t<div class=\"elementor-element elementor-element-d94e7b9 elementor-widget elementor-widget-heading\" data-id=\"d94e7b9\" data-element_type=\"widget\" data-e-type=\"widget\" data-widget_type=\"heading.default\">\n\t\t\t\t<div class=\"elementor-widget-container\">\n\t\t\t\t\t<h6 class=\"elementor-heading-title elementor-size-default\">IL NOSTRO BRAND<\/h6>\t\t\t\t<\/div>\n\t\t\t\t<\/div>\n\t\t\t\t<div class=\"elementor-element elementor-element-2b095f7 elementor-widget elementor-widget-image\" data-id=\"2b095f7\" data-element_type=\"widget\" data-e-type=\"widget\" data-widget_type=\"image.default\">\n\t\t\t\t<div class=\"elementor-widget-container\">\n\t\t\t\t\t\t\t\t\t\t\t\t\t\t\t<img fetchpriority=\"high\" decoding=\"async\" width=\"756\" height=\"160\" src=\"https:\/\/www.dimaxwax.it\/wp-content\/uploads\/2025\/05\/logo_depilomax_800px.png\" class=\"attachment-large size-large wp-image-135\" alt=\"\" srcset=\"https:\/\/www.dimaxwax.it\/wp-content\/uploads\/2025\/05\/logo_depilomax_800px.png 756w, https:\/\/www.dimaxwax.it\/wp-content\/uploads\/2025\/05\/logo_depilomax_800px-300x63.png 300w\" sizes=\"(max-width: 756px) 100vw, 756px\" \/>\t\t\t\t\t\t\t\t\t\t\t\t\t\t\t<\/div>\n\t\t\t\t<\/div>\n\t\t\t\t<div class=\"elementor-element elementor-element-c638cca elementor-widget elementor-widget-image\" data-id=\"c638cca\" data-element_type=\"widget\" data-e-type=\"widget\" data-widget_type=\"image.default\">\n\t\t\t\t<div class=\"elementor-widget-container\">\n\t\t\t\t\t\t\t\t\t\t\t\t\t\t\t<img decoding=\"async\" width=\"486\" height=\"160\" src=\"https:\/\/www.dimaxwax.it\/wp-content\/uploads\/2025\/05\/logo_made_in_italy.png\" class=\"attachment-large size-large wp-image-137\" alt=\"\" srcset=\"https:\/\/www.dimaxwax.it\/wp-content\/uploads\/2025\/05\/logo_made_in_italy.png 486w, https:\/\/www.dimaxwax.it\/wp-content\/uploads\/2025\/05\/logo_made_in_italy-300x99.png 300w\" sizes=\"(max-width: 486px) 100vw, 486px\" \/>\t\t\t\t\t\t\t\t\t\t\t\t\t\t\t<\/div>\n\t\t\t\t<\/div>\n\t\t\t\t<div class=\"elementor-element elementor-element-f0c6b4a elementor-widget elementor-widget-text-editor\" data-id=\"f0c6b4a\" data-element_type=\"widget\" data-e-type=\"widget\" data-widget_type=\"text-editor.default\">\n\t\t\t\t<div class=\"elementor-widget-container\">\n\t\t\t\t\t\t\t\t\t<p>Depilomax \u00e8 il nostro brand dedicato alla depilazione professionale, sviluppato per garantire qualit\u00e0 costante, performance elevate e massima affidabilit\u00e0.<br data-start=\"309\" data-end=\"312\" \/>un marchio interamente made in italy, pensato per soddisfare le esigenze dei professionisti dell\u2019estetica in italia e all\u2019estero, grazie a una gamma completa di cere, paraffine e cosmetici specifici per il trattamento pre e post epilazione.<\/p>\t\t\t\t\t\t\t\t<\/div>\n\t\t\t\t<\/div>\n\t\t\t\t\t<\/div>\n\t\t<\/div>\n\t\t\t\t\t<\/div>\n\t\t<\/section>\n\t\t\t\t\t<\/div>\n\t\t<\/div>\n\t\t\t\t\t<\/div>\n\t\t<\/section>\n\t\t\t\t<section class=\"elementor-section elementor-top-section elementor-element elementor-element-61109619 elementor-section-boxed elementor-section-height-default elementor-section-height-default\" data-id=\"61109619\" data-element_type=\"section\" data-e-type=\"section\" data-settings=\"{&quot;background_background&quot;:&quot;classic&quot;}\">\n\t\t\t\t\t\t\t<div class=\"elementor-background-overlay\"><\/div>\n\t\t\t\t\t\t\t<div class=\"elementor-container elementor-column-gap-default\">\n\t\t\t\t\t<div class=\"elementor-column elementor-col-100 elementor-top-column elementor-element elementor-element-1b716039\" data-id=\"1b716039\" data-element_type=\"column\" data-e-type=\"column\">\n\t\t\t<div class=\"elementor-widget-wrap elementor-element-populated\">\n\t\t\t\t\t\t<div class=\"elementor-element elementor-element-2e4b6d39 elementor-widget elementor-widget-image\" data-id=\"2e4b6d39\" data-element_type=\"widget\" data-e-type=\"widget\" data-widget_type=\"image.default\">\n\t\t\t\t<div class=\"elementor-widget-container\">\n\t\t\t\t\t\t\t\t\t\t\t\t\t\t\t<img decoding=\"async\" width=\"1800\" height=\"1037\" src=\"https:\/\/www.dimaxwax.it\/wp-content\/uploads\/2025\/11\/D4_7580.jpg\" class=\"attachment-full size-full wp-image-1195\" alt=\"\" srcset=\"https:\/\/www.dimaxwax.it\/wp-content\/uploads\/2025\/11\/D4_7580.jpg 1800w, https:\/\/www.dimaxwax.it\/wp-content\/uploads\/2025\/11\/D4_7580-300x173.jpg 300w, https:\/\/www.dimaxwax.it\/wp-content\/uploads\/2025\/11\/D4_7580-1024x590.jpg 1024w, https:\/\/www.dimaxwax.it\/wp-content\/uploads\/2025\/11\/D4_7580-768x442.jpg 768w, https:\/\/www.dimaxwax.it\/wp-content\/uploads\/2025\/11\/D4_7580-1536x885.jpg 1536w\" sizes=\"(max-width: 1800px) 100vw, 1800px\" \/>\t\t\t\t\t\t\t\t\t\t\t\t\t\t\t<\/div>\n\t\t\t\t<\/div>\n\t\t\t\t\t<\/div>\n\t\t<\/div>\n\t\t\t\t\t<\/div>\n\t\t<\/section>\n\t\t\t\t<\/div>\n\t\t","protected":false},"excerpt":{"rendered":"<p>IL NOSTRO BRAND Depilomax \u00e8 il nostro brand dedicato alla depilazione professionale, sviluppato per garantire qualit\u00e0 costante, performance elevate e massima affidabilit\u00e0.un marchio interamente made in italy, pensato per soddisfare le esigenze dei professionisti dell\u2019estetica in italia e all\u2019estero, grazie a una gamma completa di cere, paraffine e cosmetici specifici per il trattamento pre e [&hellip;]<\/p>\n","protected":false},"author":1,"featured_media":0,"parent":0,"menu_order":0,"comment_status":"closed","ping_status":"closed","template":"","meta":{"footnotes":""},"class_list":["post-1192","page","type-page","status-publish","hentry"],"_links":{"self":[{"href":"http:\/\/www.dimaxwax.it\/en\/wp-json\/wp\/v2\/pages\/1192","targetHints":{"allow":["GET"]}}],"collection":[{"href":"http:\/\/www.dimaxwax.it\/en\/wp-json\/wp\/v2\/pages"}],"about":[{"href":"http:\/\/www.dimaxwax.it\/en\/wp-json\/wp\/v2\/types\/page"}],"author":[{"embeddable":true,"href":"http:\/\/www.dimaxwax.it\/en\/wp-json\/wp\/v2\/users\/1"}],"replies":[{"embeddable":true,"href":"http:\/\/www.dimaxwax.it\/en\/wp-json\/wp\/v2\/comments?post=1192"}],"version-history":[{"count":17,"href":"http:\/\/www.dimaxwax.it\/en\/wp-json\/wp\/v2\/pages\/1192\/revisions"}],"predecessor-version":[{"id":1213,"href":"http:\/\/www.dimaxwax.it\/en\/wp-json\/wp\/v2\/pages\/1192\/revisions\/1213"}],"wp:attachment":[{"href":"http:\/\/www.dimaxwax.it\/en\/wp-json\/wp\/v2\/media?parent=1192"}],"curies":[{"name":"wp","href":"https:\/\/api.w.org\/{rel}","templated":true}]}}