{"id":844,"date":"2025-10-24T16:41:22","date_gmt":"2025-10-24T14:41:22","guid":{"rendered":"https:\/\/www.dimaxwax.it\/?page_id=844"},"modified":"2025-11-18T17:14:20","modified_gmt":"2025-11-18T16:14:20","slug":"brazilian-hot-wax","status":"publish","type":"page","link":"https:\/\/www.dimaxwax.it\/en\/brazilian-hot-wax\/","title":{"rendered":"Brazilian hot wax"},"content":{"rendered":"\t\t<div data-elementor-type=\"wp-page\" data-elementor-id=\"844\" class=\"elementor elementor-844\" data-elementor-post-type=\"page\">\n\t\t\t\t\t\t<section class=\"elementor-section elementor-top-section elementor-element elementor-element-2b61b075 elementor-section-boxed elementor-section-height-default elementor-section-height-default\" data-id=\"2b61b075\" data-element_type=\"section\" data-e-type=\"section\" data-settings=\"{&quot;background_background&quot;:&quot;classic&quot;,&quot;background_motion_fx_motion_fx_scrolling&quot;:&quot;yes&quot;,&quot;background_motion_fx_translateY_effect&quot;:&quot;yes&quot;,&quot;background_motion_fx_translateY_speed&quot;:{&quot;unit&quot;:&quot;px&quot;,&quot;size&quot;:10,&quot;sizes&quot;:[]},&quot;background_motion_fx_translateY_affectedRange&quot;:{&quot;unit&quot;:&quot;%&quot;,&quot;size&quot;:&quot;&quot;,&quot;sizes&quot;:{&quot;start&quot;:0,&quot;end&quot;:100}},&quot;background_motion_fx_devices&quot;:[&quot;desktop&quot;,&quot;tablet&quot;,&quot;mobile&quot;]}\">\n\t\t\t\t\t\t\t<div class=\"elementor-background-overlay\"><\/div>\n\t\t\t\t\t\t\t<div class=\"elementor-container elementor-column-gap-default\">\n\t\t\t\t\t<div class=\"elementor-column elementor-col-100 elementor-top-column elementor-element elementor-element-490e928c\" data-id=\"490e928c\" data-element_type=\"column\" data-e-type=\"column\">\n\t\t\t<div class=\"elementor-widget-wrap elementor-element-populated\">\n\t\t\t\t\t\t<section class=\"elementor-section elementor-inner-section elementor-element elementor-element-f683cfd elementor-section-boxed elementor-section-height-default elementor-section-height-default\" data-id=\"f683cfd\" data-element_type=\"section\" data-e-type=\"section\">\n\t\t\t\t\t\t<div class=\"elementor-container elementor-column-gap-default\">\n\t\t\t\t\t<div class=\"elementor-column elementor-col-100 elementor-inner-column elementor-element elementor-element-e866e83\" data-id=\"e866e83\" data-element_type=\"column\" data-e-type=\"column\">\n\t\t\t<div class=\"elementor-widget-wrap elementor-element-populated\">\n\t\t\t\t\t\t<div class=\"elementor-element elementor-element-23a76f50 elementor-invisible elementor-widget elementor-widget-heading\" data-id=\"23a76f50\" data-element_type=\"widget\" data-e-type=\"widget\" data-settings=\"{&quot;_animation&quot;:&quot;fadeInUp&quot;}\" data-widget_type=\"heading.default\">\n\t\t\t\t<div class=\"elementor-widget-container\">\n\t\t\t\t\t<h1 class=\"elementor-heading-title elementor-size-default\">Brazilian Hot Wax<\/h1>\t\t\t\t<\/div>\n\t\t\t\t<\/div>\n\t\t\t\t\t<\/div>\n\t\t<\/div>\n\t\t\t\t\t<\/div>\n\t\t<\/section>\n\t\t\t\t\t<\/div>\n\t\t<\/div>\n\t\t\t\t\t<\/div>\n\t\t<\/section>\n\t\t<div class=\"elementor-element elementor-element-3701e304 e-flex e-con-boxed e-con e-parent\" data-id=\"3701e304\" data-element_type=\"container\" data-e-type=\"container\">\n\t\t\t\t\t<div class=\"e-con-inner\">\n\t\t\t\t<div class=\"elementor-element elementor-element-3bb3d1b6 elementor-widget elementor-widget-heading\" data-id=\"3bb3d1b6\" data-element_type=\"widget\" data-e-type=\"widget\" data-widget_type=\"heading.default\">\n\t\t\t\t<div class=\"elementor-widget-container\">\n\t\t\t\t\t<h2 class=\"elementor-heading-title elementor-size-default\">Le peculiarit\u00e0 che possiedono queste cere sono flessibilit\u00e0 e morbidezza, due fattori che rendono le cere Brazilian Hot Wax uniche e adatte a tutti, evitando l'uso delle strisce.\n<br>\nQuesti prodotti, di elevatissima qualit\u00e0 e delicatezza, hanno una bassissima temperatura di fusione. Sono adatti per ogni tipo di utilizzo ma in particolare per le parti pi\u00f9 delicate del corpo (ascelle, inguine, viso).\n<br>\nGrazie alla loro particolare composizione e all'eccellente elasticit\u00e0, sono indicate per tutti i tipi di pelle, anche quelle pi\u00f9 sensibili. Per la loro semplicit\u00e0 e praticit\u00e0, riducono il tempo della depilazione, ma senza lasciare residui di peli spezzati e assicurando alla pelle un trattamento delicato e rispettoso.\n<br>\nLa nuova serie \u201cBrazilian Hot Wax\u201d \u00e8 facile, sicura e consente di ottenere risultati ottimali anche con strati sottilissimi di cera. Facilmente rimovibile con un solo, semplice strappo.<\/h2>\t\t\t\t<\/div>\n\t\t\t\t<\/div>\n\t\t\t\t\t<\/div>\n\t\t\t\t<\/div>\n\t\t<div class=\"elementor-element elementor-element-7f3a73b0 e-flex e-con-boxed e-con e-parent\" data-id=\"7f3a73b0\" data-element_type=\"container\" data-e-type=\"container\">\n\t\t\t\t\t<div class=\"e-con-inner\">\n\t\t<div class=\"elementor-element elementor-element-5279b4c2 e-con-full e-flex e-con e-child\" data-id=\"5279b4c2\" data-element_type=\"container\" data-e-type=\"container\">\n\t\t\t\t<div class=\"elementor-element elementor-element-381298d elementor-widget elementor-widget-image\" data-id=\"381298d\" data-element_type=\"widget\" data-e-type=\"widget\" data-widget_type=\"image.default\">\n\t\t\t\t<div class=\"elementor-widget-container\">\n\t\t\t\t\t\t\t\t\t\t\t\t\t\t\t\t<a href=\"https:\/\/www.dimaxwax.it\/brazilian-hot-wax\/brazilian-hot-wax-barattoli-e-dischi\/\">\n\t\t\t\t\t\t\t<img fetchpriority=\"high\" decoding=\"async\" width=\"800\" height=\"800\" src=\"https:\/\/www.dimaxwax.it\/wp-content\/uploads\/2025\/11\/D4_2812-perla-rosa-1024x1024.jpg\" class=\"elementor-animation-grow attachment-large size-large wp-image-1657\" alt=\"\" srcset=\"https:\/\/www.dimaxwax.it\/wp-content\/uploads\/2025\/11\/D4_2812-perla-rosa-1024x1024.jpg 1024w, https:\/\/www.dimaxwax.it\/wp-content\/uploads\/2025\/11\/D4_2812-perla-rosa-300x300.jpg 300w, https:\/\/www.dimaxwax.it\/wp-content\/uploads\/2025\/11\/D4_2812-perla-rosa-150x150.jpg 150w, https:\/\/www.dimaxwax.it\/wp-content\/uploads\/2025\/11\/D4_2812-perla-rosa-768x768.jpg 768w, https:\/\/www.dimaxwax.it\/wp-content\/uploads\/2025\/11\/D4_2812-perla-rosa.jpg 1200w\" sizes=\"(max-width: 800px) 100vw, 800px\" \/>\t\t\t\t\t\t\t\t<\/a>\n\t\t\t\t\t\t\t\t\t\t\t\t\t\t\t<\/div>\n\t\t\t\t<\/div>\n\t\t\t\t<div class=\"elementor-element elementor-element-2bdfb137 elementor-widget elementor-widget-heading\" data-id=\"2bdfb137\" data-element_type=\"widget\" data-e-type=\"widget\" data-widget_type=\"heading.default\">\n\t\t\t\t<div class=\"elementor-widget-container\">\n\t\t\t\t\t<p class=\"elementor-heading-title elementor-size-default\">BRAZILIAN HOT WAX BARATTOLI E DISCHI<\/p>\t\t\t\t<\/div>\n\t\t\t\t<\/div>\n\t\t\t\t<\/div>\n\t\t<div class=\"elementor-element elementor-element-1944b543 e-con-full e-flex e-con e-child\" data-id=\"1944b543\" data-element_type=\"container\" data-e-type=\"container\">\n\t\t\t\t<div class=\"elementor-element elementor-element-76690205 elementor-widget elementor-widget-image\" data-id=\"76690205\" data-element_type=\"widget\" data-e-type=\"widget\" data-widget_type=\"image.default\">\n\t\t\t\t<div class=\"elementor-widget-container\">\n\t\t\t\t\t\t\t\t\t\t\t\t\t\t\t\t<a href=\"https:\/\/www.dimaxwax.it\/brazilian-hot-wax\/brazilian-hot-wax-gocce\/\">\n\t\t\t\t\t\t\t<img decoding=\"async\" width=\"800\" height=\"800\" src=\"https:\/\/www.dimaxwax.it\/wp-content\/uploads\/2025\/11\/brazilian-intro-1024x1024.jpg\" class=\"elementor-animation-grow attachment-large size-large wp-image-1844\" alt=\"\" srcset=\"https:\/\/www.dimaxwax.it\/wp-content\/uploads\/2025\/11\/brazilian-intro-1024x1024.jpg 1024w, https:\/\/www.dimaxwax.it\/wp-content\/uploads\/2025\/11\/brazilian-intro-300x300.jpg 300w, https:\/\/www.dimaxwax.it\/wp-content\/uploads\/2025\/11\/brazilian-intro-150x150.jpg 150w, https:\/\/www.dimaxwax.it\/wp-content\/uploads\/2025\/11\/brazilian-intro-768x768.jpg 768w, https:\/\/www.dimaxwax.it\/wp-content\/uploads\/2025\/11\/brazilian-intro.jpg 1200w\" sizes=\"(max-width: 800px) 100vw, 800px\" \/>\t\t\t\t\t\t\t\t<\/a>\n\t\t\t\t\t\t\t\t\t\t\t\t\t\t\t<\/div>\n\t\t\t\t<\/div>\n\t\t\t\t<div class=\"elementor-element elementor-element-610762d0 elementor-widget elementor-widget-heading\" data-id=\"610762d0\" data-element_type=\"widget\" data-e-type=\"widget\" data-widget_type=\"heading.default\">\n\t\t\t\t<div class=\"elementor-widget-container\">\n\t\t\t\t\t<p class=\"elementor-heading-title elementor-size-default\">BRAZILIAN HOT WAX GOCCE<\/p>\t\t\t\t<\/div>\n\t\t\t\t<\/div>\n\t\t\t\t<\/div>\n\t\t\t\t\t<\/div>\n\t\t\t\t<\/div>\n\t\t\t\t<\/div>\n\t\t","protected":false},"excerpt":{"rendered":"<p>Brazilian Hot Wax Le peculiarit\u00e0 che possiedono queste cere sono flessibilit\u00e0 e morbidezza, due fattori che rendono le cere Brazilian Hot Wax uniche e adatte a tutti, evitando l&#8217;uso delle strisce. Questi prodotti, di elevatissima qualit\u00e0 e delicatezza, hanno una bassissima temperatura di fusione. Sono adatti per ogni tipo di utilizzo ma in particolare per [&hellip;]<\/p>\n","protected":false},"author":1,"featured_media":0,"parent":0,"menu_order":0,"comment_status":"closed","ping_status":"closed","template":"","meta":{"footnotes":""},"class_list":["post-844","page","type-page","status-publish","hentry"],"_links":{"self":[{"href":"https:\/\/www.dimaxwax.it\/en\/wp-json\/wp\/v2\/pages\/844","targetHints":{"allow":["GET"]}}],"collection":[{"href":"https:\/\/www.dimaxwax.it\/en\/wp-json\/wp\/v2\/pages"}],"about":[{"href":"https:\/\/www.dimaxwax.it\/en\/wp-json\/wp\/v2\/types\/page"}],"author":[{"embeddable":true,"href":"https:\/\/www.dimaxwax.it\/en\/wp-json\/wp\/v2\/users\/1"}],"replies":[{"embeddable":true,"href":"https:\/\/www.dimaxwax.it\/en\/wp-json\/wp\/v2\/comments?post=844"}],"version-history":[{"count":19,"href":"https:\/\/www.dimaxwax.it\/en\/wp-json\/wp\/v2\/pages\/844\/revisions"}],"predecessor-version":[{"id":1852,"href":"https:\/\/www.dimaxwax.it\/en\/wp-json\/wp\/v2\/pages\/844\/revisions\/1852"}],"wp:attachment":[{"href":"https:\/\/www.dimaxwax.it\/en\/wp-json\/wp\/v2\/media?parent=844"}],"curies":[{"name":"wp","href":"https:\/\/api.w.org\/{rel}","templated":true}]}}