{"id":848,"date":"2025-10-24T16:42:17","date_gmt":"2025-10-24T14:42:17","guid":{"rendered":"https:\/\/www.dimaxwax.it\/?page_id=848"},"modified":"2025-11-04T15:43:12","modified_gmt":"2025-11-04T14:43:12","slug":"cera-idrosolubile","status":"publish","type":"page","link":"https:\/\/www.dimaxwax.it\/en\/cera-idrosolubile\/","title":{"rendered":"Water-soluble wax"},"content":{"rendered":"\t\t<div data-elementor-type=\"wp-page\" data-elementor-id=\"848\" class=\"elementor elementor-848\" data-elementor-post-type=\"page\">\n\t\t\t\t\t\t<section class=\"elementor-section elementor-top-section elementor-element elementor-element-65eff00c elementor-section-boxed elementor-section-height-default elementor-section-height-default\" data-id=\"65eff00c\" data-element_type=\"section\" data-e-type=\"section\" data-settings=\"{&quot;background_background&quot;:&quot;classic&quot;,&quot;background_motion_fx_motion_fx_scrolling&quot;:&quot;yes&quot;,&quot;background_motion_fx_translateY_effect&quot;:&quot;yes&quot;,&quot;background_motion_fx_translateY_speed&quot;:{&quot;unit&quot;:&quot;px&quot;,&quot;size&quot;:10,&quot;sizes&quot;:[]},&quot;background_motion_fx_translateY_affectedRange&quot;:{&quot;unit&quot;:&quot;%&quot;,&quot;size&quot;:&quot;&quot;,&quot;sizes&quot;:{&quot;start&quot;:0,&quot;end&quot;:100}},&quot;background_motion_fx_devices&quot;:[&quot;desktop&quot;,&quot;tablet&quot;,&quot;mobile&quot;]}\">\n\t\t\t\t\t\t\t<div class=\"elementor-background-overlay\"><\/div>\n\t\t\t\t\t\t\t<div class=\"elementor-container elementor-column-gap-default\">\n\t\t\t\t\t<div class=\"elementor-column elementor-col-100 elementor-top-column elementor-element elementor-element-183e58d7\" data-id=\"183e58d7\" data-element_type=\"column\" data-e-type=\"column\">\n\t\t\t<div class=\"elementor-widget-wrap elementor-element-populated\">\n\t\t\t\t\t\t<section class=\"elementor-section elementor-inner-section elementor-element elementor-element-d0d59c elementor-section-boxed elementor-section-height-default elementor-section-height-default\" data-id=\"d0d59c\" data-element_type=\"section\" data-e-type=\"section\">\n\t\t\t\t\t\t<div class=\"elementor-container elementor-column-gap-default\">\n\t\t\t\t\t<div class=\"elementor-column elementor-col-100 elementor-inner-column elementor-element elementor-element-7a1e55b9\" data-id=\"7a1e55b9\" data-element_type=\"column\" data-e-type=\"column\">\n\t\t\t<div class=\"elementor-widget-wrap elementor-element-populated\">\n\t\t\t\t\t\t<div class=\"elementor-element elementor-element-237cd24e elementor-invisible elementor-widget elementor-widget-heading\" data-id=\"237cd24e\" data-element_type=\"widget\" data-e-type=\"widget\" data-settings=\"{&quot;_animation&quot;:&quot;fadeInUp&quot;}\" data-widget_type=\"heading.default\">\n\t\t\t\t<div class=\"elementor-widget-container\">\n\t\t\t\t\t<h1 class=\"elementor-heading-title elementor-size-default\">Cera idrosolubile<\/h1>\t\t\t\t<\/div>\n\t\t\t\t<\/div>\n\t\t\t\t<div class=\"elementor-element elementor-element-d91a726 elementor-widget elementor-widget-heading\" data-id=\"d91a726\" data-element_type=\"widget\" data-e-type=\"widget\" data-widget_type=\"heading.default\">\n\t\t\t\t<div class=\"elementor-widget-container\">\n\t\t\t\t\t<h2 class=\"elementor-heading-title elementor-size-default\">Perch\u00e9 idrosolubile? Anche nel passato, quando le cere non erano ancora diffuse, esistevano diverse forme di depilazione come approccio all'epidermide.\n\nNel Medioevo, ad esempio, c'erano ricette che prevedevano ingredienti molto semplici come acqua, limone, zucchero, e altre che, al contrario, miscelavano impasti di calce viva, acqua e solfuro di arsenico.\n\nLa risposta pu\u00f2 darla soltanto la tua pelle e qualunque essa sia, Dimax garantisce efficaci risultati per tutte le opzioni, naturalmente senza adoperare calce o solfito!\n\nLa cera idrosolubile \u00e8 prodotta con semplici ingredienti naturali e si applica a bassa temperatura. Grazie alla sua formula di preparazione, molto delicata, si adatta a tutti i tipi di pelle e i residui sono facilmente removibili con acqua.\n\nPuoi personalizzare la linea Idrosolubile con il tuo marchio e la tua immagine, perch\u00e9 l'intera gamma Dimax permette formulazioni uniche e tutte con prodotti sempre pi\u00f9 raffinati e di qualit\u00e0.<\/h2>\t\t\t\t<\/div>\n\t\t\t\t<\/div>\n\t\t\t\t\t<\/div>\n\t\t<\/div>\n\t\t\t\t\t<\/div>\n\t\t<\/section>\n\t\t\t\t\t<\/div>\n\t\t<\/div>\n\t\t\t\t\t<\/div>\n\t\t<\/section>\n\t\t<div class=\"elementor-element elementor-element-c241c32 e-flex e-con-boxed e-con e-parent\" data-id=\"c241c32\" data-element_type=\"container\" data-e-type=\"container\">\n\t\t\t\t\t<div class=\"e-con-inner\">\n\t\t<div class=\"elementor-element elementor-element-729bdd70 e-con-full elementor-hidden-mobile e-flex e-con e-child\" data-id=\"729bdd70\" data-element_type=\"container\" data-e-type=\"container\">\n\t\t\t\t<div class=\"elementor-element elementor-element-3160fd68 elementor-widget elementor-widget-html\" data-id=\"3160fd68\" data-element_type=\"widget\" data-e-type=\"widget\" data-widget_type=\"html.default\">\n\t\t\t\t<div class=\"elementor-widget-container\">\n\t\t\t\t\t<!-- ===== DIMAX IMMAGINI GRANDI (NO-JS, NO-SCROLL, CENTRATA, 26 ELEMENTI ORDINATI COME SU SITO) ===== -->\n<div class=\"gallery-left-html\">\n\n  <!-- Ancore di stato fisse -->\n  <a id=\"s1\" class=\"state\" aria-hidden=\"true\"><\/a>\n  <a id=\"s2\" class=\"state\" aria-hidden=\"true\"><\/a>\n  <a id=\"s3\" class=\"state\" aria-hidden=\"true\"><\/a>\n  <a id=\"s4\" class=\"state\" aria-hidden=\"true\"><\/a>\n  <a id=\"s5\" class=\"state\" aria-hidden=\"true\"><\/a>\n  <a id=\"s6\" class=\"state\" aria-hidden=\"true\"><\/a>\n  <a id=\"s7\" class=\"state\" aria-hidden=\"true\"><\/a>\n  <a id=\"s8\" class=\"state\" aria-hidden=\"true\"><\/a>\n  <a id=\"s9\" class=\"state\" aria-hidden=\"true\"><\/a>\n  <a id=\"s10\" class=\"state\" aria-hidden=\"true\"><\/a>\n  <a id=\"s11\" class=\"state\" aria-hidden=\"true\"><\/a>\n  <a id=\"s12\" class=\"state\" aria-hidden=\"true\"><\/a>\n  <a id=\"s13\" class=\"state\" aria-hidden=\"true\"><\/a>\n  <a id=\"s14\" class=\"state\" aria-hidden=\"true\"><\/a>\n  <a id=\"s15\" class=\"state\" aria-hidden=\"true\"><\/a>\n  <a id=\"s16\" class=\"state\" aria-hidden=\"true\"><\/a>\n  <a id=\"s17\" class=\"state\" aria-hidden=\"true\"><\/a>\n  <a id=\"s18\" class=\"state\" aria-hidden=\"true\"><\/a>\n  <a id=\"s19\" class=\"state\" aria-hidden=\"true\"><\/a>\n  <a id=\"s20\" class=\"state\" aria-hidden=\"true\"><\/a>\n  <a id=\"s21\" class=\"state\" aria-hidden=\"true\"><\/a>\n  <a id=\"s22\" class=\"state\" aria-hidden=\"true\"><\/a>\n  <a id=\"s23\" class=\"state\" aria-hidden=\"true\"><\/a>\n  <a id=\"s24\" class=\"state\" aria-hidden=\"true\"><\/a>\n  <a id=\"s25\" class=\"state\" aria-hidden=\"true\"><\/a>\n  <a id=\"s26\" class=\"state\" aria-hidden=\"true\"><\/a>\n\n  <!-- Figure sovrapposte (ordine ufficiale) -->\n<figure id=\"img1\"><img decoding=\"async\" src=\"https:\/\/www.dimaxwax.it\/wp-content\/uploads\/2025\/11\/400_6243.jpg\"><\/figure>\n<figure id=\"img2\"><img decoding=\"async\" src=\"https:\/\/www.dimaxwax.it\/wp-content\/uploads\/2025\/11\/IDRO_IDE02.jpg\"><\/figure>\n<figure id=\"img3\"><img decoding=\"async\" src=\"https:\/\/www.dimaxwax.it\/wp-content\/uploads\/2025\/11\/500_6288.jpg\"><\/figure>\n<figure id=\"img4\"><img decoding=\"async\" src=\"https:\/\/www.dimaxwax.it\/wp-content\/uploads\/2025\/11\/Barattolo-800_6126.jpg\"><\/figure>\n<\/div>\n\n<style>\n\/* ===== CSS per la gallery sinistra (26 elementi ordinati) ===== *\/\n\n.gallery-left-html {\n  position: relative;\n  width: 100%;\n  min-height: 480px;\n  overflow: hidden;\n  text-align: center;\n}\n\n\/* Ancore invisibili *\/\n.gallery-left-html .state {\n  position: fixed;\n  top: 0; left: 0;\n  width: 0; height: 0;\n  pointer-events: none;\n}\n\n\/* Figure sovrapposte *\/\n.gallery-left-html > figure {\n  position: absolute;\n  inset: 0;\n  margin: 0;\n  display: flex;\n  justify-content: center;\n  align-items: center;\n  opacity: 0;\n  visibility: hidden;\n  z-index: 0;\n  transition: opacity .6s ease;\n}\n\n\/* Immagine centrata e ingrandita *\/\n.gallery-left-html img {\n  width: 115%;\n  max-height: 90vh;\n  height: auto;\n  transform: translateX(-50%);\n  position: relative;\n  left: 50%;\n  border-radius: 6px;\n  box-shadow: 0 4px 14px rgba(0,0,0,0.08);\n  display: block;\n  transition: transform .4s ease, opacity .6s ease;\n}\n\n\/* Stato di default *\/\n.gallery-left-html > #img1 {\n  opacity: 1;\n  visibility: visible;\n  z-index: 1;\n}\n\n\/* Stati attivi con :has() *\/\n.gallery-left-html:has(#s2:target) > figure,\n.gallery-left-html:has(#s3:target) > figure,\n.gallery-left-html:has(#s4:target) > figure,\n.gallery-left-html:has(#s5:target) > figure,\n.gallery-left-html:has(#s6:target) > figure,\n.gallery-left-html:has(#s7:target) > figure,\n.gallery-left-html:has(#s8:target) > figure,\n.gallery-left-html:has(#s9:target) > figure,\n.gallery-left-html:has(#s10:target) > figure,\n.gallery-left-html:has(#s11:target) > figure,\n.gallery-left-html:has(#s12:target) > figure,\n.gallery-left-html:has(#s13:target) > figure,\n.gallery-left-html:has(#s14:target) > figure,\n.gallery-left-html:has(#s15:target) > figure,\n.gallery-left-html:has(#s16:target) > figure,\n.gallery-left-html:has(#s17:target) > figure,\n.gallery-left-html:has(#s18:target) > figure,\n.gallery-left-html:has(#s19:target) > figure,\n.gallery-left-html:has(#s20:target) > figure,\n.gallery-left-html:has(#s21:target) > figure,\n.gallery-left-html:has(#s22:target) > figure,\n.gallery-left-html:has(#s23:target) > figure,\n.gallery-left-html:has(#s24:target) > figure,\n.gallery-left-html:has(#s25:target) > figure,\n.gallery-left-html:has(#s26:target) > figure {\n  opacity: 0;\n  visibility: hidden;\n  z-index: 0;\n}\n\n\/* Stati visibili *\/\n.gallery-left-html:has(#s2:target) > #img2,\n.gallery-left-html:has(#s3:target) > #img3,\n.gallery-left-html:has(#s4:target) > #img4,\n.gallery-left-html:has(#s5:target) > #img5,\n.gallery-left-html:has(#s6:target) > #img6,\n.gallery-left-html:has(#s7:target) > #img7,\n.gallery-left-html:has(#s8:target) > #img8,\n.gallery-left-html:has(#s9:target) > #img9,\n.gallery-left-html:has(#s10:target) > #img10,\n.gallery-left-html:has(#s11:target) > #img11,\n.gallery-left-html:has(#s12:target) > #img12,\n.gallery-left-html:has(#s13:target) > #img13,\n.gallery-left-html:has(#s14:target) > #img14,\n.gallery-left-html:has(#s15:target) > #img15,\n.gallery-left-html:has(#s16:target) > #img16,\n.gallery-left-html:has(#s17:target) > #img17,\n.gallery-left-html:has(#s18:target) > #img18,\n.gallery-left-html:has(#s19:target) > #img19,\n.gallery-left-html:has(#s20:target) > #img20,\n.gallery-left-html:has(#s21:target) > #img21,\n.gallery-left-html:has(#s22:target) > #img22,\n.gallery-left-html:has(#s23:target) > #img23,\n.gallery-left-html:has(#s24:target) > #img24,\n.gallery-left-html:has(#s25:target) > #img25,\n.gallery-left-html:has(#s26:target) > #img26 {\n  opacity: 1;\n  visibility: visible;\n  z-index: 2;\n}\n\n\n<\/style>\t\t\t\t<\/div>\n\t\t\t\t<\/div>\n\t\t\t\t<\/div>\n\t\t<div class=\"elementor-element elementor-element-1d0b7b78 e-con-full e-flex e-con e-child\" data-id=\"1d0b7b78\" data-element_type=\"container\" data-e-type=\"container\">\n\t\t\t\t<div class=\"elementor-element elementor-element-af9dfb7 elementor-widget elementor-widget-n-accordion\" data-id=\"af9dfb7\" data-element_type=\"widget\" data-e-type=\"widget\" data-settings=\"{&quot;max_items_expended&quot;:&quot;multiple&quot;,&quot;default_state&quot;:&quot;expanded&quot;,&quot;n_accordion_animation_duration&quot;:{&quot;unit&quot;:&quot;ms&quot;,&quot;size&quot;:400,&quot;sizes&quot;:[]}}\" data-widget_type=\"nested-accordion.default\">\n\t\t\t\t<div class=\"elementor-widget-container\">\n\t\t\t\t\t\t\t<div class=\"e-n-accordion\" aria-label=\"Accordion. Open links with Enter or Space, close with Escape, and navigate with Arrow Keys\">\n\t\t\t\t\t\t<details id=\"e-n-accordion-item-1840\" class=\"e-n-accordion-item\" open>\n\t\t\t\t<summary class=\"e-n-accordion-item-title\" data-accordion-index=\"1\" tabindex=\"0\" aria-expanded=\"true\" aria-controls=\"e-n-accordion-item-1840\" >\n\t\t\t\t\t<span class='e-n-accordion-item-title-header'><div class=\"e-n-accordion-item-title-text\"> CERA IDROSOLUBILE <\/div><\/span>\n\t\t\t\t\t\t\t<span class='e-n-accordion-item-title-icon'>\n\t\t\t<span class='e-opened' ><i aria-hidden=\"true\" class=\" ti-minus\"><\/i><\/span>\n\t\t\t<span class='e-closed'><i aria-hidden=\"true\" class=\" ti-plus\"><\/i><\/span>\n\t\t<\/span>\n\n\t\t\t\t\t\t<\/summary>\n\t\t\t\t<div role=\"region\" aria-labelledby=\"e-n-accordion-item-1840\" class=\"elementor-element elementor-element-2d52e986 e-con-full e-flex e-con e-child\" data-id=\"2d52e986\" data-element_type=\"container\" data-e-type=\"container\">\n\t\t<div role=\"region\" aria-labelledby=\"e-n-accordion-item-1840\" class=\"elementor-element elementor-element-61fa9dac e-con-full e-flex e-con e-child\" data-id=\"61fa9dac\" data-element_type=\"container\" data-e-type=\"container\">\n\t\t\t\t<div class=\"elementor-element elementor-element-4f55e13f elementor-widget elementor-widget-image\" data-id=\"4f55e13f\" data-element_type=\"widget\" data-e-type=\"widget\" data-widget_type=\"image.default\">\n\t\t\t\t<div class=\"elementor-widget-container\">\n\t\t\t\t\t\t\t\t\t\t\t\t\t\t\t\t<a href=\"#s1\">\n\t\t\t\t\t\t\t<img fetchpriority=\"high\" decoding=\"async\" width=\"300\" height=\"300\" src=\"https:\/\/www.dimaxwax.it\/wp-content\/uploads\/2025\/11\/400_6243-300x300.jpg\" class=\"elementor-animation-grow attachment-medium size-medium wp-image-1286\" alt=\"\" srcset=\"https:\/\/www.dimaxwax.it\/wp-content\/uploads\/2025\/11\/400_6243-300x300.jpg 300w, https:\/\/www.dimaxwax.it\/wp-content\/uploads\/2025\/11\/400_6243-1024x1024.jpg 1024w, https:\/\/www.dimaxwax.it\/wp-content\/uploads\/2025\/11\/400_6243-150x150.jpg 150w, https:\/\/www.dimaxwax.it\/wp-content\/uploads\/2025\/11\/400_6243-768x768.jpg 768w, https:\/\/www.dimaxwax.it\/wp-content\/uploads\/2025\/11\/400_6243.jpg 1200w\" sizes=\"(max-width: 300px) 100vw, 300px\" \/>\t\t\t\t\t\t\t\t<\/a>\n\t\t\t\t\t\t\t\t\t\t\t\t\t\t\t<\/div>\n\t\t\t\t<\/div>\n\t\t\t\t<div class=\"elementor-element elementor-element-70f59ae elementor-widget elementor-widget-heading\" data-id=\"70f59ae\" data-element_type=\"widget\" data-e-type=\"widget\" data-widget_type=\"heading.default\">\n\t\t\t\t<div class=\"elementor-widget-container\">\n\t\t\t\t\t<h2 class=\"elementor-heading-title elementor-size-default\"><b>IDE01<\/b> <br>\n350ml<\/h2>\t\t\t\t<\/div>\n\t\t\t\t<\/div>\n\t\t\t\t<\/div>\n\t\t<div role=\"region\" aria-labelledby=\"e-n-accordion-item-1840\" class=\"elementor-element elementor-element-4e7a05ef e-con-full e-flex e-con e-child\" data-id=\"4e7a05ef\" data-element_type=\"container\" data-e-type=\"container\">\n\t\t\t\t<div class=\"elementor-element elementor-element-14399cd6 elementor-widget elementor-widget-image\" data-id=\"14399cd6\" data-element_type=\"widget\" data-e-type=\"widget\" data-widget_type=\"image.default\">\n\t\t\t\t<div class=\"elementor-widget-container\">\n\t\t\t\t\t\t\t\t\t\t\t\t\t\t\t\t<a href=\"#s2\">\n\t\t\t\t\t\t\t<img decoding=\"async\" width=\"300\" height=\"300\" src=\"https:\/\/www.dimaxwax.it\/wp-content\/uploads\/2025\/11\/IDRO_IDE02-300x300.jpg\" class=\"elementor-animation-grow attachment-medium size-medium wp-image-1289\" alt=\"\" srcset=\"https:\/\/www.dimaxwax.it\/wp-content\/uploads\/2025\/11\/IDRO_IDE02-300x300.jpg 300w, https:\/\/www.dimaxwax.it\/wp-content\/uploads\/2025\/11\/IDRO_IDE02-1024x1024.jpg 1024w, https:\/\/www.dimaxwax.it\/wp-content\/uploads\/2025\/11\/IDRO_IDE02-150x150.jpg 150w, https:\/\/www.dimaxwax.it\/wp-content\/uploads\/2025\/11\/IDRO_IDE02-768x768.jpg 768w, https:\/\/www.dimaxwax.it\/wp-content\/uploads\/2025\/11\/IDRO_IDE02.jpg 1200w\" sizes=\"(max-width: 300px) 100vw, 300px\" \/>\t\t\t\t\t\t\t\t<\/a>\n\t\t\t\t\t\t\t\t\t\t\t\t\t\t\t<\/div>\n\t\t\t\t<\/div>\n\t\t\t\t<div class=\"elementor-element elementor-element-278eba2 elementor-widget elementor-widget-heading\" data-id=\"278eba2\" data-element_type=\"widget\" data-e-type=\"widget\" data-widget_type=\"heading.default\">\n\t\t\t\t<div class=\"elementor-widget-container\">\n\t\t\t\t\t<h2 class=\"elementor-heading-title elementor-size-default\"><b>IDE02<\/b> <br>\n450ml<\/h2>\t\t\t\t<\/div>\n\t\t\t\t<\/div>\n\t\t\t\t<\/div>\n\t\t<div role=\"region\" aria-labelledby=\"e-n-accordion-item-1840\" class=\"elementor-element elementor-element-723dee48 e-con-full e-flex e-con e-child\" data-id=\"723dee48\" data-element_type=\"container\" data-e-type=\"container\">\n\t\t\t\t<div class=\"elementor-element elementor-element-429391b4 elementor-widget elementor-widget-image\" data-id=\"429391b4\" data-element_type=\"widget\" data-e-type=\"widget\" data-widget_type=\"image.default\">\n\t\t\t\t<div class=\"elementor-widget-container\">\n\t\t\t\t\t\t\t\t\t\t\t\t\t\t\t\t<a href=\"#s3\">\n\t\t\t\t\t\t\t<img decoding=\"async\" width=\"300\" height=\"300\" src=\"https:\/\/www.dimaxwax.it\/wp-content\/uploads\/2025\/11\/500_6288-300x300.jpg\" class=\"elementor-animation-grow attachment-medium size-medium wp-image-1287\" alt=\"\" srcset=\"https:\/\/www.dimaxwax.it\/wp-content\/uploads\/2025\/11\/500_6288-300x300.jpg 300w, https:\/\/www.dimaxwax.it\/wp-content\/uploads\/2025\/11\/500_6288-1024x1024.jpg 1024w, https:\/\/www.dimaxwax.it\/wp-content\/uploads\/2025\/11\/500_6288-150x150.jpg 150w, https:\/\/www.dimaxwax.it\/wp-content\/uploads\/2025\/11\/500_6288-768x768.jpg 768w, https:\/\/www.dimaxwax.it\/wp-content\/uploads\/2025\/11\/500_6288.jpg 1200w\" sizes=\"(max-width: 300px) 100vw, 300px\" \/>\t\t\t\t\t\t\t\t<\/a>\n\t\t\t\t\t\t\t\t\t\t\t\t\t\t\t<\/div>\n\t\t\t\t<\/div>\n\t\t\t\t<div class=\"elementor-element elementor-element-4570b798 elementor-widget elementor-widget-heading\" data-id=\"4570b798\" data-element_type=\"widget\" data-e-type=\"widget\" data-widget_type=\"heading.default\">\n\t\t\t\t<div class=\"elementor-widget-container\">\n\t\t\t\t\t<h2 class=\"elementor-heading-title elementor-size-default\"><b>IDE03<\/b> <br>\n500ml<\/h2>\t\t\t\t<\/div>\n\t\t\t\t<\/div>\n\t\t\t\t<\/div>\n\t\t<div role=\"region\" aria-labelledby=\"e-n-accordion-item-1840\" class=\"elementor-element elementor-element-5d48d4a4 e-con-full e-flex e-con e-child\" data-id=\"5d48d4a4\" data-element_type=\"container\" data-e-type=\"container\">\n\t\t\t\t<div class=\"elementor-element elementor-element-671fc00d elementor-widget elementor-widget-image\" data-id=\"671fc00d\" data-element_type=\"widget\" data-e-type=\"widget\" data-widget_type=\"image.default\">\n\t\t\t\t<div class=\"elementor-widget-container\">\n\t\t\t\t\t\t\t\t\t\t\t\t\t\t\t\t<a href=\"#s4\">\n\t\t\t\t\t\t\t<img loading=\"lazy\" decoding=\"async\" width=\"300\" height=\"300\" src=\"https:\/\/www.dimaxwax.it\/wp-content\/uploads\/2025\/11\/Barattolo-800_6126-300x300.jpg\" class=\"elementor-animation-grow attachment-medium size-medium wp-image-1288\" alt=\"\" srcset=\"https:\/\/www.dimaxwax.it\/wp-content\/uploads\/2025\/11\/Barattolo-800_6126-300x300.jpg 300w, https:\/\/www.dimaxwax.it\/wp-content\/uploads\/2025\/11\/Barattolo-800_6126-1024x1024.jpg 1024w, https:\/\/www.dimaxwax.it\/wp-content\/uploads\/2025\/11\/Barattolo-800_6126-150x150.jpg 150w, https:\/\/www.dimaxwax.it\/wp-content\/uploads\/2025\/11\/Barattolo-800_6126-768x768.jpg 768w, https:\/\/www.dimaxwax.it\/wp-content\/uploads\/2025\/11\/Barattolo-800_6126.jpg 1200w\" sizes=\"(max-width: 300px) 100vw, 300px\" \/>\t\t\t\t\t\t\t\t<\/a>\n\t\t\t\t\t\t\t\t\t\t\t\t\t\t\t<\/div>\n\t\t\t\t<\/div>\n\t\t\t\t<div class=\"elementor-element elementor-element-67e75f73 elementor-widget elementor-widget-heading\" data-id=\"67e75f73\" data-element_type=\"widget\" data-e-type=\"widget\" data-widget_type=\"heading.default\">\n\t\t\t\t<div class=\"elementor-widget-container\">\n\t\t\t\t\t<h2 class=\"elementor-heading-title elementor-size-default\"><b>IDE04<\/b> <br>\n700ml<\/h2>\t\t\t\t<\/div>\n\t\t\t\t<\/div>\n\t\t\t\t<\/div>\n\t\t\t\t<\/div>\n\t\t\t\t\t<\/details>\n\t\t\t\t\t<\/div>\n\t\t\t\t\t\t<\/div>\n\t\t\t\t<\/div>\n\t\t\t\t<\/div>\n\t\t\t\t\t<\/div>\n\t\t\t\t<\/div>\n\t\t<div class=\"elementor-element elementor-element-5deba14 e-flex e-con-boxed e-con e-parent\" data-id=\"5deba14\" data-element_type=\"container\" data-e-type=\"container\">\n\t\t\t\t\t<div class=\"e-con-inner\">\n\t\t\t\t<div class=\"elementor-element elementor-element-ff873f1 elementor-widget elementor-widget-button\" data-id=\"ff873f1\" data-element_type=\"widget\" data-e-type=\"widget\" data-widget_type=\"button.default\">\n\t\t\t\t<div class=\"elementor-widget-container\">\n\t\t\t\t\t\t\t\t\t<div class=\"elementor-button-wrapper\">\n\t\t\t\t\t<a class=\"elementor-button elementor-button-link elementor-size-sm\" href=\"https:\/\/www.dimaxwax.it\/prodotti\/\">\n\t\t\t\t\t\t<span class=\"elementor-button-content-wrapper\">\n\t\t\t\t\t\t\t\t\t<span class=\"elementor-button-text\">Torna alla lista prodotti<\/span>\n\t\t\t\t\t<\/span>\n\t\t\t\t\t<\/a>\n\t\t\t\t<\/div>\n\t\t\t\t\t\t\t\t<\/div>\n\t\t\t\t<\/div>\n\t\t\t\t\t<\/div>\n\t\t\t\t<\/div>\n\t\t\t\t<\/div>\n\t\t","protected":false},"excerpt":{"rendered":"<p>Cera idrosolubile Perch\u00e9 idrosolubile? Anche nel passato, quando le cere non erano ancora diffuse, esistevano diverse forme di depilazione come approccio all&#8217;epidermide. Nel Medioevo, ad esempio, c&#8217;erano ricette che prevedevano ingredienti molto semplici come acqua, limone, zucchero, e altre che, al contrario, miscelavano impasti di calce viva, acqua e solfuro di arsenico. La risposta pu\u00f2 [&hellip;]<\/p>\n","protected":false},"author":1,"featured_media":0,"parent":0,"menu_order":0,"comment_status":"closed","ping_status":"closed","template":"","meta":{"footnotes":""},"class_list":["post-848","page","type-page","status-publish","hentry"],"_links":{"self":[{"href":"https:\/\/www.dimaxwax.it\/en\/wp-json\/wp\/v2\/pages\/848","targetHints":{"allow":["GET"]}}],"collection":[{"href":"https:\/\/www.dimaxwax.it\/en\/wp-json\/wp\/v2\/pages"}],"about":[{"href":"https:\/\/www.dimaxwax.it\/en\/wp-json\/wp\/v2\/types\/page"}],"author":[{"embeddable":true,"href":"https:\/\/www.dimaxwax.it\/en\/wp-json\/wp\/v2\/users\/1"}],"replies":[{"embeddable":true,"href":"https:\/\/www.dimaxwax.it\/en\/wp-json\/wp\/v2\/comments?post=848"}],"version-history":[{"count":7,"href":"https:\/\/www.dimaxwax.it\/en\/wp-json\/wp\/v2\/pages\/848\/revisions"}],"predecessor-version":[{"id":1315,"href":"https:\/\/www.dimaxwax.it\/en\/wp-json\/wp\/v2\/pages\/848\/revisions\/1315"}],"wp:attachment":[{"href":"https:\/\/www.dimaxwax.it\/en\/wp-json\/wp\/v2\/media?parent=848"}],"curies":[{"name":"wp","href":"https:\/\/api.w.org\/{rel}","templated":true}]}}