{"id":850,"date":"2025-10-24T16:42:33","date_gmt":"2025-10-24T14:42:33","guid":{"rendered":"https:\/\/www.dimaxwax.it\/?page_id=850"},"modified":"2025-11-04T15:42:45","modified_gmt":"2025-11-04T14:42:45","slug":"paraffina","status":"publish","type":"page","link":"https:\/\/www.dimaxwax.it\/en\/paraffina\/","title":{"rendered":"Paraffin wax"},"content":{"rendered":"\t\t<div data-elementor-type=\"wp-page\" data-elementor-id=\"850\" class=\"elementor elementor-850\" data-elementor-post-type=\"page\">\n\t\t\t\t\t\t<section class=\"elementor-section elementor-top-section elementor-element elementor-element-1310db35 elementor-section-boxed elementor-section-height-default elementor-section-height-default\" data-id=\"1310db35\" data-element_type=\"section\" data-e-type=\"section\" data-settings=\"{&quot;background_background&quot;:&quot;classic&quot;,&quot;background_motion_fx_motion_fx_scrolling&quot;:&quot;yes&quot;,&quot;background_motion_fx_translateY_effect&quot;:&quot;yes&quot;,&quot;background_motion_fx_translateY_speed&quot;:{&quot;unit&quot;:&quot;px&quot;,&quot;size&quot;:10,&quot;sizes&quot;:[]},&quot;background_motion_fx_translateY_affectedRange&quot;:{&quot;unit&quot;:&quot;%&quot;,&quot;size&quot;:&quot;&quot;,&quot;sizes&quot;:{&quot;start&quot;:0,&quot;end&quot;:100}},&quot;background_motion_fx_devices&quot;:[&quot;desktop&quot;,&quot;tablet&quot;,&quot;mobile&quot;]}\">\n\t\t\t\t\t\t\t<div class=\"elementor-background-overlay\"><\/div>\n\t\t\t\t\t\t\t<div class=\"elementor-container elementor-column-gap-default\">\n\t\t\t\t\t<div class=\"elementor-column elementor-col-100 elementor-top-column elementor-element elementor-element-5e8f3fc9\" data-id=\"5e8f3fc9\" data-element_type=\"column\" data-e-type=\"column\">\n\t\t\t<div class=\"elementor-widget-wrap elementor-element-populated\">\n\t\t\t\t\t\t<section class=\"elementor-section elementor-inner-section elementor-element elementor-element-489844ca elementor-section-boxed elementor-section-height-default elementor-section-height-default\" data-id=\"489844ca\" data-element_type=\"section\" data-e-type=\"section\">\n\t\t\t\t\t\t<div class=\"elementor-container elementor-column-gap-default\">\n\t\t\t\t\t<div class=\"elementor-column elementor-col-100 elementor-inner-column elementor-element elementor-element-1887e403\" data-id=\"1887e403\" data-element_type=\"column\" data-e-type=\"column\">\n\t\t\t<div class=\"elementor-widget-wrap elementor-element-populated\">\n\t\t\t\t\t\t<div class=\"elementor-element elementor-element-4a8862de elementor-invisible elementor-widget elementor-widget-heading\" data-id=\"4a8862de\" data-element_type=\"widget\" data-e-type=\"widget\" data-settings=\"{&quot;_animation&quot;:&quot;fadeInUp&quot;}\" data-widget_type=\"heading.default\">\n\t\t\t\t<div class=\"elementor-widget-container\">\n\t\t\t\t\t<h1 class=\"elementor-heading-title elementor-size-default\">Paraffina<\/h1>\t\t\t\t<\/div>\n\t\t\t\t<\/div>\n\t\t\t\t<div class=\"elementor-element elementor-element-1f8edefa elementor-widget elementor-widget-heading\" data-id=\"1f8edefa\" data-element_type=\"widget\" data-e-type=\"widget\" data-widget_type=\"heading.default\">\n\t\t\t\t<div class=\"elementor-widget-container\">\n\t\t\t\t\t<h2 class=\"elementor-heading-title elementor-size-default\">Benessere e Bellezza si accompagnano, nelle linee dei prodotti Dimax, perch\u00e9 non pu\u00f2 esserci vera bellezza se tutto il corpo non \u00e8 in uno stato di positivit\u00e0 ed equilibrio.\n\nQuelli che Ti presentiamo sono trattamenti indispensabili per la cura di mani e piedi. Svolgono un'azione positiva con molteplici benefici: l'effetto emolliente \u00e8, infatti, combinata con un'azione stimolante e decongestionante.\n\nLa pelle trattata risulter\u00e0 lucente, giovane e idratata.<\/h2>\t\t\t\t<\/div>\n\t\t\t\t<\/div>\n\t\t\t\t\t<\/div>\n\t\t<\/div>\n\t\t\t\t\t<\/div>\n\t\t<\/section>\n\t\t\t\t\t<\/div>\n\t\t<\/div>\n\t\t\t\t\t<\/div>\n\t\t<\/section>\n\t\t<div class=\"elementor-element elementor-element-4d061330 e-flex e-con-boxed e-con e-parent\" data-id=\"4d061330\" data-element_type=\"container\" data-e-type=\"container\">\n\t\t\t\t\t<div class=\"e-con-inner\">\n\t\t<div class=\"elementor-element elementor-element-ad97913 e-con-full elementor-hidden-mobile e-flex e-con e-child\" data-id=\"ad97913\" data-element_type=\"container\" data-e-type=\"container\">\n\t\t\t\t<div class=\"elementor-element elementor-element-58259b0c elementor-widget elementor-widget-html\" data-id=\"58259b0c\" data-element_type=\"widget\" data-e-type=\"widget\" data-widget_type=\"html.default\">\n\t\t\t\t<div class=\"elementor-widget-container\">\n\t\t\t\t\t<!-- ===== DIMAX IMMAGINI GRANDI (NO-JS, NO-SCROLL, CENTRATA, 26 ELEMENTI ORDINATI COME SU SITO) ===== -->\n<div class=\"gallery-left-html\">\n\n  <!-- Ancore di stato fisse -->\n  <a id=\"s1\" class=\"state\" aria-hidden=\"true\"><\/a>\n  <a id=\"s2\" class=\"state\" aria-hidden=\"true\"><\/a>\n  <a id=\"s3\" class=\"state\" aria-hidden=\"true\"><\/a>\n  <a id=\"s4\" class=\"state\" aria-hidden=\"true\"><\/a>\n  <a id=\"s5\" class=\"state\" aria-hidden=\"true\"><\/a>\n  <a id=\"s6\" class=\"state\" aria-hidden=\"true\"><\/a>\n  <a id=\"s7\" class=\"state\" aria-hidden=\"true\"><\/a>\n  <a id=\"s8\" class=\"state\" aria-hidden=\"true\"><\/a>\n  <a id=\"s9\" class=\"state\" aria-hidden=\"true\"><\/a>\n  <a id=\"s10\" class=\"state\" aria-hidden=\"true\"><\/a>\n  <a id=\"s11\" class=\"state\" aria-hidden=\"true\"><\/a>\n  <a id=\"s12\" class=\"state\" aria-hidden=\"true\"><\/a>\n  <a id=\"s13\" class=\"state\" aria-hidden=\"true\"><\/a>\n  <a id=\"s14\" class=\"state\" aria-hidden=\"true\"><\/a>\n  <a id=\"s15\" class=\"state\" aria-hidden=\"true\"><\/a>\n  <a id=\"s16\" class=\"state\" aria-hidden=\"true\"><\/a>\n  <a id=\"s17\" class=\"state\" aria-hidden=\"true\"><\/a>\n  <a id=\"s18\" class=\"state\" aria-hidden=\"true\"><\/a>\n  <a id=\"s19\" class=\"state\" aria-hidden=\"true\"><\/a>\n  <a id=\"s20\" class=\"state\" aria-hidden=\"true\"><\/a>\n  <a id=\"s21\" class=\"state\" aria-hidden=\"true\"><\/a>\n  <a id=\"s22\" class=\"state\" aria-hidden=\"true\"><\/a>\n  <a id=\"s23\" class=\"state\" aria-hidden=\"true\"><\/a>\n  <a id=\"s24\" class=\"state\" aria-hidden=\"true\"><\/a>\n  <a id=\"s25\" class=\"state\" aria-hidden=\"true\"><\/a>\n  <a id=\"s26\" class=\"state\" aria-hidden=\"true\"><\/a>\n\n  <!-- Figure sovrapposte (ordine ufficiale) -->\n<figure id=\"img1\"><img decoding=\"async\" src=\"https:\/\/www.dimaxwax.it\/wp-content\/uploads\/2025\/11\/paraffina_0922.jpg\"><\/figure>\n<figure id=\"img2\"><img decoding=\"async\" src=\"https:\/\/www.dimaxwax.it\/wp-content\/uploads\/2025\/11\/paraffina_0923.jpg\"><\/figure>\n<figure id=\"img3\"><img decoding=\"async\" src=\"https:\/\/www.dimaxwax.it\/wp-content\/uploads\/2025\/11\/paraffina_0925.jpg\"><\/figure>\n<figure id=\"img4\"><img decoding=\"async\" src=\"https:\/\/www.dimaxwax.it\/wp-content\/uploads\/2025\/11\/paraffina_0926.jpg\"><\/figure>\n<figure id=\"img5\"><img decoding=\"async\" src=\"https:\/\/www.dimaxwax.it\/wp-content\/uploads\/2025\/11\/paraffina_0924.jpg\"><\/figure>\n<figure id=\"img6\"><img decoding=\"async\" src=\"https:\/\/www.dimaxwax.it\/wp-content\/uploads\/2025\/11\/paraffina_0921.jpg\"><\/figure>\n<\/div>\n\n<style>\n\/* ===== CSS per la gallery sinistra (26 elementi ordinati) ===== *\/\n\n.gallery-left-html {\n  position: relative;\n  width: 100%;\n  min-height: 480px;\n  overflow: hidden;\n  text-align: center;\n}\n\n\/* Ancore invisibili *\/\n.gallery-left-html .state {\n  position: fixed;\n  top: 0; left: 0;\n  width: 0; height: 0;\n  pointer-events: none;\n}\n\n\/* Figure sovrapposte *\/\n.gallery-left-html > figure {\n  position: absolute;\n  inset: 0;\n  margin: 0;\n  display: flex;\n  justify-content: center;\n  align-items: center;\n  opacity: 0;\n  visibility: hidden;\n  z-index: 0;\n  transition: opacity .6s ease;\n}\n\n\/* Immagine centrata e ingrandita *\/\n.gallery-left-html img {\n  width: 115%;\n  max-height: 90vh;\n  height: auto;\n  transform: translateX(-50%);\n  position: relative;\n  left: 50%;\n  border-radius: 6px;\n  box-shadow: 0 4px 14px rgba(0,0,0,0.08);\n  display: block;\n  transition: transform .4s ease, opacity .6s ease;\n}\n\n\/* Stato di default *\/\n.gallery-left-html > #img1 {\n  opacity: 1;\n  visibility: visible;\n  z-index: 1;\n}\n\n\/* Stati attivi con :has() *\/\n.gallery-left-html:has(#s2:target) > figure,\n.gallery-left-html:has(#s3:target) > figure,\n.gallery-left-html:has(#s4:target) > figure,\n.gallery-left-html:has(#s5:target) > figure,\n.gallery-left-html:has(#s6:target) > figure,\n.gallery-left-html:has(#s7:target) > figure,\n.gallery-left-html:has(#s8:target) > figure,\n.gallery-left-html:has(#s9:target) > figure,\n.gallery-left-html:has(#s10:target) > figure,\n.gallery-left-html:has(#s11:target) > figure,\n.gallery-left-html:has(#s12:target) > figure,\n.gallery-left-html:has(#s13:target) > figure,\n.gallery-left-html:has(#s14:target) > figure,\n.gallery-left-html:has(#s15:target) > figure,\n.gallery-left-html:has(#s16:target) > figure,\n.gallery-left-html:has(#s17:target) > figure,\n.gallery-left-html:has(#s18:target) > figure,\n.gallery-left-html:has(#s19:target) > figure,\n.gallery-left-html:has(#s20:target) > figure,\n.gallery-left-html:has(#s21:target) > figure,\n.gallery-left-html:has(#s22:target) > figure,\n.gallery-left-html:has(#s23:target) > figure,\n.gallery-left-html:has(#s24:target) > figure,\n.gallery-left-html:has(#s25:target) > figure,\n.gallery-left-html:has(#s26:target) > figure {\n  opacity: 0;\n  visibility: hidden;\n  z-index: 0;\n}\n\n\/* Stati visibili *\/\n.gallery-left-html:has(#s2:target) > #img2,\n.gallery-left-html:has(#s3:target) > #img3,\n.gallery-left-html:has(#s4:target) > #img4,\n.gallery-left-html:has(#s5:target) > #img5,\n.gallery-left-html:has(#s6:target) > #img6,\n.gallery-left-html:has(#s7:target) > #img7,\n.gallery-left-html:has(#s8:target) > #img8,\n.gallery-left-html:has(#s9:target) > #img9,\n.gallery-left-html:has(#s10:target) > #img10,\n.gallery-left-html:has(#s11:target) > #img11,\n.gallery-left-html:has(#s12:target) > #img12,\n.gallery-left-html:has(#s13:target) > #img13,\n.gallery-left-html:has(#s14:target) > #img14,\n.gallery-left-html:has(#s15:target) > #img15,\n.gallery-left-html:has(#s16:target) > #img16,\n.gallery-left-html:has(#s17:target) > #img17,\n.gallery-left-html:has(#s18:target) > #img18,\n.gallery-left-html:has(#s19:target) > #img19,\n.gallery-left-html:has(#s20:target) > #img20,\n.gallery-left-html:has(#s21:target) > #img21,\n.gallery-left-html:has(#s22:target) > #img22,\n.gallery-left-html:has(#s23:target) > #img23,\n.gallery-left-html:has(#s24:target) > #img24,\n.gallery-left-html:has(#s25:target) > #img25,\n.gallery-left-html:has(#s26:target) > #img26 {\n  opacity: 1;\n  visibility: visible;\n  z-index: 2;\n}\n\n\n<\/style>\t\t\t\t<\/div>\n\t\t\t\t<\/div>\n\t\t\t\t<\/div>\n\t\t<div class=\"elementor-element elementor-element-4604c4f6 e-con-full e-flex e-con e-child\" data-id=\"4604c4f6\" data-element_type=\"container\" data-e-type=\"container\">\n\t\t\t\t<div class=\"elementor-element elementor-element-3c63e904 elementor-widget elementor-widget-n-accordion\" data-id=\"3c63e904\" data-element_type=\"widget\" data-e-type=\"widget\" data-settings=\"{&quot;max_items_expended&quot;:&quot;multiple&quot;,&quot;default_state&quot;:&quot;expanded&quot;,&quot;n_accordion_animation_duration&quot;:{&quot;unit&quot;:&quot;ms&quot;,&quot;size&quot;:400,&quot;sizes&quot;:[]}}\" data-widget_type=\"nested-accordion.default\">\n\t\t\t\t<div class=\"elementor-widget-container\">\n\t\t\t\t\t\t\t<div class=\"e-n-accordion\" aria-label=\"Accordion. Open links with Enter or Space, close with Escape, and navigate with Arrow Keys\">\n\t\t\t\t\t\t<details id=\"e-n-accordion-item-1010\" class=\"e-n-accordion-item\" open>\n\t\t\t\t<summary class=\"e-n-accordion-item-title\" data-accordion-index=\"1\" tabindex=\"0\" aria-expanded=\"true\" aria-controls=\"e-n-accordion-item-1010\" >\n\t\t\t\t\t<span class='e-n-accordion-item-title-header'><div class=\"e-n-accordion-item-title-text\"> PARAFFINA <\/div><\/span>\n\t\t\t\t\t\t\t<span class='e-n-accordion-item-title-icon'>\n\t\t\t<span class='e-opened' ><i aria-hidden=\"true\" class=\" ti-minus\"><\/i><\/span>\n\t\t\t<span class='e-closed'><i aria-hidden=\"true\" class=\" ti-plus\"><\/i><\/span>\n\t\t<\/span>\n\n\t\t\t\t\t\t<\/summary>\n\t\t\t\t<div role=\"region\" aria-labelledby=\"e-n-accordion-item-1010\" class=\"elementor-element elementor-element-2ef0119 e-con-full e-flex e-con e-child\" data-id=\"2ef0119\" data-element_type=\"container\" data-e-type=\"container\">\n\t\t<div role=\"region\" aria-labelledby=\"e-n-accordion-item-1010\" class=\"elementor-element elementor-element-3db029c4 e-con-full e-flex e-con e-child\" data-id=\"3db029c4\" data-element_type=\"container\" data-e-type=\"container\">\n\t\t\t\t<div class=\"elementor-element elementor-element-24111bf2 elementor-widget elementor-widget-image\" data-id=\"24111bf2\" data-element_type=\"widget\" data-e-type=\"widget\" data-widget_type=\"image.default\">\n\t\t\t\t<div class=\"elementor-widget-container\">\n\t\t\t\t\t\t\t\t\t\t\t\t\t\t\t\t<a href=\"#s1\">\n\t\t\t\t\t\t\t<img fetchpriority=\"high\" decoding=\"async\" width=\"300\" height=\"300\" src=\"https:\/\/www.dimaxwax.it\/wp-content\/uploads\/2025\/11\/paraffina_0922-300x300.jpg\" class=\"elementor-animation-grow attachment-medium size-medium wp-image-1296\" alt=\"\" srcset=\"https:\/\/www.dimaxwax.it\/wp-content\/uploads\/2025\/11\/paraffina_0922-300x300.jpg 300w, https:\/\/www.dimaxwax.it\/wp-content\/uploads\/2025\/11\/paraffina_0922-1024x1024.jpg 1024w, https:\/\/www.dimaxwax.it\/wp-content\/uploads\/2025\/11\/paraffina_0922-150x150.jpg 150w, https:\/\/www.dimaxwax.it\/wp-content\/uploads\/2025\/11\/paraffina_0922-768x768.jpg 768w, https:\/\/www.dimaxwax.it\/wp-content\/uploads\/2025\/11\/paraffina_0922.jpg 1200w\" sizes=\"(max-width: 300px) 100vw, 300px\" \/>\t\t\t\t\t\t\t\t<\/a>\n\t\t\t\t\t\t\t\t\t\t\t\t\t\t\t<\/div>\n\t\t\t\t<\/div>\n\t\t\t\t<div class=\"elementor-element elementor-element-17314da7 elementor-widget elementor-widget-heading\" data-id=\"17314da7\" data-element_type=\"widget\" data-e-type=\"widget\" data-widget_type=\"heading.default\">\n\t\t\t\t<div class=\"elementor-widget-container\">\n\t\t\t\t\t<h2 class=\"elementor-heading-title elementor-size-default\"><b>PA00501<\/b> <br>\nMAGNOLIA<\/h2>\t\t\t\t<\/div>\n\t\t\t\t<\/div>\n\t\t\t\t<\/div>\n\t\t<div role=\"region\" aria-labelledby=\"e-n-accordion-item-1010\" class=\"elementor-element elementor-element-1d4bb4e7 e-con-full e-flex e-con e-child\" data-id=\"1d4bb4e7\" data-element_type=\"container\" data-e-type=\"container\">\n\t\t\t\t<div class=\"elementor-element elementor-element-45092b55 elementor-widget elementor-widget-image\" data-id=\"45092b55\" data-element_type=\"widget\" data-e-type=\"widget\" data-widget_type=\"image.default\">\n\t\t\t\t<div class=\"elementor-widget-container\">\n\t\t\t\t\t\t\t\t\t\t\t\t\t\t\t\t<a href=\"#s2\">\n\t\t\t\t\t\t\t<img decoding=\"async\" width=\"300\" height=\"300\" src=\"https:\/\/www.dimaxwax.it\/wp-content\/uploads\/2025\/11\/paraffina_0923-300x300.jpg\" class=\"elementor-animation-grow attachment-medium size-medium wp-image-1297\" alt=\"\" srcset=\"https:\/\/www.dimaxwax.it\/wp-content\/uploads\/2025\/11\/paraffina_0923-300x300.jpg 300w, https:\/\/www.dimaxwax.it\/wp-content\/uploads\/2025\/11\/paraffina_0923-1024x1024.jpg 1024w, https:\/\/www.dimaxwax.it\/wp-content\/uploads\/2025\/11\/paraffina_0923-150x150.jpg 150w, https:\/\/www.dimaxwax.it\/wp-content\/uploads\/2025\/11\/paraffina_0923-768x768.jpg 768w, https:\/\/www.dimaxwax.it\/wp-content\/uploads\/2025\/11\/paraffina_0923.jpg 1200w\" sizes=\"(max-width: 300px) 100vw, 300px\" \/>\t\t\t\t\t\t\t\t<\/a>\n\t\t\t\t\t\t\t\t\t\t\t\t\t\t\t<\/div>\n\t\t\t\t<\/div>\n\t\t\t\t<div class=\"elementor-element elementor-element-5eb19244 elementor-widget elementor-widget-heading\" data-id=\"5eb19244\" data-element_type=\"widget\" data-e-type=\"widget\" data-widget_type=\"heading.default\">\n\t\t\t\t<div class=\"elementor-widget-container\">\n\t\t\t\t\t<h2 class=\"elementor-heading-title elementor-size-default\"><b>PA00502<\/b> <br>\nLIMONE<\/h2>\t\t\t\t<\/div>\n\t\t\t\t<\/div>\n\t\t\t\t<\/div>\n\t\t<div role=\"region\" aria-labelledby=\"e-n-accordion-item-1010\" class=\"elementor-element elementor-element-389ac8b8 e-con-full e-flex e-con e-child\" data-id=\"389ac8b8\" data-element_type=\"container\" data-e-type=\"container\">\n\t\t\t\t<div class=\"elementor-element elementor-element-519f532f elementor-widget elementor-widget-image\" data-id=\"519f532f\" data-element_type=\"widget\" data-e-type=\"widget\" data-widget_type=\"image.default\">\n\t\t\t\t<div class=\"elementor-widget-container\">\n\t\t\t\t\t\t\t\t\t\t\t\t\t\t\t\t<a href=\"#s3\">\n\t\t\t\t\t\t\t<img decoding=\"async\" width=\"300\" height=\"300\" src=\"https:\/\/www.dimaxwax.it\/wp-content\/uploads\/2025\/11\/paraffina_0925-300x300.jpg\" class=\"elementor-animation-grow attachment-medium size-medium wp-image-1299\" alt=\"\" srcset=\"https:\/\/www.dimaxwax.it\/wp-content\/uploads\/2025\/11\/paraffina_0925-300x300.jpg 300w, https:\/\/www.dimaxwax.it\/wp-content\/uploads\/2025\/11\/paraffina_0925-1024x1024.jpg 1024w, https:\/\/www.dimaxwax.it\/wp-content\/uploads\/2025\/11\/paraffina_0925-150x150.jpg 150w, https:\/\/www.dimaxwax.it\/wp-content\/uploads\/2025\/11\/paraffina_0925-768x768.jpg 768w, https:\/\/www.dimaxwax.it\/wp-content\/uploads\/2025\/11\/paraffina_0925.jpg 1200w\" sizes=\"(max-width: 300px) 100vw, 300px\" \/>\t\t\t\t\t\t\t\t<\/a>\n\t\t\t\t\t\t\t\t\t\t\t\t\t\t\t<\/div>\n\t\t\t\t<\/div>\n\t\t\t\t<div class=\"elementor-element elementor-element-5c4c8186 elementor-widget elementor-widget-heading\" data-id=\"5c4c8186\" data-element_type=\"widget\" data-e-type=\"widget\" data-widget_type=\"heading.default\">\n\t\t\t\t<div class=\"elementor-widget-container\">\n\t\t\t\t\t<h2 class=\"elementor-heading-title elementor-size-default\"><b>PA00503<\/b> <br>\nPESCA<\/h2>\t\t\t\t<\/div>\n\t\t\t\t<\/div>\n\t\t\t\t<\/div>\n\t\t<div role=\"region\" aria-labelledby=\"e-n-accordion-item-1010\" class=\"elementor-element elementor-element-74f14610 e-con-full e-flex e-con e-child\" data-id=\"74f14610\" data-element_type=\"container\" data-e-type=\"container\">\n\t\t\t\t<div class=\"elementor-element elementor-element-55dd02e elementor-widget elementor-widget-image\" data-id=\"55dd02e\" data-element_type=\"widget\" data-e-type=\"widget\" data-widget_type=\"image.default\">\n\t\t\t\t<div class=\"elementor-widget-container\">\n\t\t\t\t\t\t\t\t\t\t\t\t\t\t\t\t<a href=\"#s4\">\n\t\t\t\t\t\t\t<img loading=\"lazy\" decoding=\"async\" width=\"300\" height=\"300\" src=\"https:\/\/www.dimaxwax.it\/wp-content\/uploads\/2025\/11\/paraffina_0926-300x300.jpg\" class=\"elementor-animation-grow attachment-medium size-medium wp-image-1300\" alt=\"\" srcset=\"https:\/\/www.dimaxwax.it\/wp-content\/uploads\/2025\/11\/paraffina_0926-300x300.jpg 300w, https:\/\/www.dimaxwax.it\/wp-content\/uploads\/2025\/11\/paraffina_0926-1024x1024.jpg 1024w, https:\/\/www.dimaxwax.it\/wp-content\/uploads\/2025\/11\/paraffina_0926-150x150.jpg 150w, https:\/\/www.dimaxwax.it\/wp-content\/uploads\/2025\/11\/paraffina_0926-768x768.jpg 768w, https:\/\/www.dimaxwax.it\/wp-content\/uploads\/2025\/11\/paraffina_0926.jpg 1200w\" sizes=\"(max-width: 300px) 100vw, 300px\" \/>\t\t\t\t\t\t\t\t<\/a>\n\t\t\t\t\t\t\t\t\t\t\t\t\t\t\t<\/div>\n\t\t\t\t<\/div>\n\t\t\t\t<div class=\"elementor-element elementor-element-134b5607 elementor-widget elementor-widget-heading\" data-id=\"134b5607\" data-element_type=\"widget\" data-e-type=\"widget\" data-widget_type=\"heading.default\">\n\t\t\t\t<div class=\"elementor-widget-container\">\n\t\t\t\t\t<h2 class=\"elementor-heading-title elementor-size-default\"><b>PA00504<\/b> <br>\nFRAGOLA<\/h2>\t\t\t\t<\/div>\n\t\t\t\t<\/div>\n\t\t\t\t<\/div>\n\t\t<div role=\"region\" aria-labelledby=\"e-n-accordion-item-1010\" class=\"elementor-element elementor-element-4b9dd69b e-con-full e-flex e-con e-child\" data-id=\"4b9dd69b\" data-element_type=\"container\" data-e-type=\"container\">\n\t\t\t\t<div class=\"elementor-element elementor-element-6f4ea930 elementor-widget elementor-widget-image\" data-id=\"6f4ea930\" data-element_type=\"widget\" data-e-type=\"widget\" data-widget_type=\"image.default\">\n\t\t\t\t<div class=\"elementor-widget-container\">\n\t\t\t\t\t\t\t\t\t\t\t\t\t\t\t\t<a href=\"#s5\">\n\t\t\t\t\t\t\t<img loading=\"lazy\" decoding=\"async\" width=\"300\" height=\"300\" src=\"https:\/\/www.dimaxwax.it\/wp-content\/uploads\/2025\/11\/paraffina_0924-300x300.jpg\" class=\"elementor-animation-grow attachment-medium size-medium wp-image-1298\" alt=\"\" srcset=\"https:\/\/www.dimaxwax.it\/wp-content\/uploads\/2025\/11\/paraffina_0924-300x300.jpg 300w, https:\/\/www.dimaxwax.it\/wp-content\/uploads\/2025\/11\/paraffina_0924-1024x1024.jpg 1024w, https:\/\/www.dimaxwax.it\/wp-content\/uploads\/2025\/11\/paraffina_0924-150x150.jpg 150w, https:\/\/www.dimaxwax.it\/wp-content\/uploads\/2025\/11\/paraffina_0924-768x768.jpg 768w, https:\/\/www.dimaxwax.it\/wp-content\/uploads\/2025\/11\/paraffina_0924.jpg 1200w\" sizes=\"(max-width: 300px) 100vw, 300px\" \/>\t\t\t\t\t\t\t\t<\/a>\n\t\t\t\t\t\t\t\t\t\t\t\t\t\t\t<\/div>\n\t\t\t\t<\/div>\n\t\t\t\t<div class=\"elementor-element elementor-element-28c9c819 elementor-widget elementor-widget-heading\" data-id=\"28c9c819\" data-element_type=\"widget\" data-e-type=\"widget\" data-widget_type=\"heading.default\">\n\t\t\t\t<div class=\"elementor-widget-container\">\n\t\t\t\t\t<h2 class=\"elementor-heading-title elementor-size-default\"><b>PA00505<\/b> <br>\nLAVANDA<\/h2>\t\t\t\t<\/div>\n\t\t\t\t<\/div>\n\t\t\t\t<\/div>\n\t\t<div role=\"region\" aria-labelledby=\"e-n-accordion-item-1010\" class=\"elementor-element elementor-element-5407be10 e-con-full e-flex e-con e-child\" data-id=\"5407be10\" data-element_type=\"container\" data-e-type=\"container\">\n\t\t\t\t<div class=\"elementor-element elementor-element-69a5f88b elementor-widget elementor-widget-image\" data-id=\"69a5f88b\" data-element_type=\"widget\" data-e-type=\"widget\" data-widget_type=\"image.default\">\n\t\t\t\t<div class=\"elementor-widget-container\">\n\t\t\t\t\t\t\t\t\t\t\t\t\t\t\t\t<a href=\"#s6\">\n\t\t\t\t\t\t\t<img loading=\"lazy\" decoding=\"async\" width=\"300\" height=\"300\" src=\"https:\/\/www.dimaxwax.it\/wp-content\/uploads\/2025\/11\/paraffina_0921-300x300.jpg\" class=\"elementor-animation-grow attachment-medium size-medium wp-image-1295\" alt=\"\" srcset=\"https:\/\/www.dimaxwax.it\/wp-content\/uploads\/2025\/11\/paraffina_0921-300x300.jpg 300w, https:\/\/www.dimaxwax.it\/wp-content\/uploads\/2025\/11\/paraffina_0921-1024x1024.jpg 1024w, https:\/\/www.dimaxwax.it\/wp-content\/uploads\/2025\/11\/paraffina_0921-150x150.jpg 150w, https:\/\/www.dimaxwax.it\/wp-content\/uploads\/2025\/11\/paraffina_0921-768x768.jpg 768w, https:\/\/www.dimaxwax.it\/wp-content\/uploads\/2025\/11\/paraffina_0921.jpg 1200w\" sizes=\"(max-width: 300px) 100vw, 300px\" \/>\t\t\t\t\t\t\t\t<\/a>\n\t\t\t\t\t\t\t\t\t\t\t\t\t\t\t<\/div>\n\t\t\t\t<\/div>\n\t\t\t\t<div class=\"elementor-element elementor-element-31db6c44 elementor-widget elementor-widget-heading\" data-id=\"31db6c44\" data-element_type=\"widget\" data-e-type=\"widget\" data-widget_type=\"heading.default\">\n\t\t\t\t<div class=\"elementor-widget-container\">\n\t\t\t\t\t<h2 class=\"elementor-heading-title elementor-size-default\"><b>PA00506<\/b> <br>\nFIORDALISO<\/h2>\t\t\t\t<\/div>\n\t\t\t\t<\/div>\n\t\t\t\t<\/div>\n\t\t\t\t<\/div>\n\t\t\t\t\t<\/details>\n\t\t\t\t\t<\/div>\n\t\t\t\t\t\t<\/div>\n\t\t\t\t<\/div>\n\t\t\t\t<\/div>\n\t\t\t\t\t<\/div>\n\t\t\t\t<\/div>\n\t\t<div class=\"elementor-element elementor-element-21ebbcd e-flex e-con-boxed e-con e-parent\" data-id=\"21ebbcd\" data-element_type=\"container\" data-e-type=\"container\">\n\t\t\t\t\t<div class=\"e-con-inner\">\n\t\t\t\t<div class=\"elementor-element elementor-element-1f8438f elementor-widget elementor-widget-button\" data-id=\"1f8438f\" data-element_type=\"widget\" data-e-type=\"widget\" data-widget_type=\"button.default\">\n\t\t\t\t<div class=\"elementor-widget-container\">\n\t\t\t\t\t\t\t\t\t<div class=\"elementor-button-wrapper\">\n\t\t\t\t\t<a class=\"elementor-button elementor-button-link elementor-size-sm\" href=\"https:\/\/www.dimaxwax.it\/prodotti\/\">\n\t\t\t\t\t\t<span class=\"elementor-button-content-wrapper\">\n\t\t\t\t\t\t\t\t\t<span class=\"elementor-button-text\">Torna alla lista prodotti<\/span>\n\t\t\t\t\t<\/span>\n\t\t\t\t\t<\/a>\n\t\t\t\t<\/div>\n\t\t\t\t\t\t\t\t<\/div>\n\t\t\t\t<\/div>\n\t\t\t\t\t<\/div>\n\t\t\t\t<\/div>\n\t\t\t\t<\/div>\n\t\t","protected":false},"excerpt":{"rendered":"<p>Paraffina Benessere e Bellezza si accompagnano, nelle linee dei prodotti Dimax, perch\u00e9 non pu\u00f2 esserci vera bellezza se tutto il corpo non \u00e8 in uno stato di positivit\u00e0 ed equilibrio. Quelli che Ti presentiamo sono trattamenti indispensabili per la cura di mani e piedi. Svolgono un&#8217;azione positiva con molteplici benefici: l&#8217;effetto emolliente \u00e8, infatti, combinata [&hellip;]<\/p>\n","protected":false},"author":1,"featured_media":0,"parent":0,"menu_order":0,"comment_status":"closed","ping_status":"closed","template":"","meta":{"footnotes":""},"class_list":["post-850","page","type-page","status-publish","hentry"],"_links":{"self":[{"href":"https:\/\/www.dimaxwax.it\/en\/wp-json\/wp\/v2\/pages\/850","targetHints":{"allow":["GET"]}}],"collection":[{"href":"https:\/\/www.dimaxwax.it\/en\/wp-json\/wp\/v2\/pages"}],"about":[{"href":"https:\/\/www.dimaxwax.it\/en\/wp-json\/wp\/v2\/types\/page"}],"author":[{"embeddable":true,"href":"https:\/\/www.dimaxwax.it\/en\/wp-json\/wp\/v2\/users\/1"}],"replies":[{"embeddable":true,"href":"https:\/\/www.dimaxwax.it\/en\/wp-json\/wp\/v2\/comments?post=850"}],"version-history":[{"count":13,"href":"https:\/\/www.dimaxwax.it\/en\/wp-json\/wp\/v2\/pages\/850\/revisions"}],"predecessor-version":[{"id":1312,"href":"https:\/\/www.dimaxwax.it\/en\/wp-json\/wp\/v2\/pages\/850\/revisions\/1312"}],"wp:attachment":[{"href":"https:\/\/www.dimaxwax.it\/en\/wp-json\/wp\/v2\/media?parent=850"}],"curies":[{"name":"wp","href":"https:\/\/api.w.org\/{rel}","templated":true}]}}